{"id":36,"date":"2022-05-11T04:24:47","date_gmt":"2022-05-11T01:24:47","guid":{"rendered":"https:\/\/collabora.interbestimmt.de\/?page_id=36"},"modified":"2023-10-31T05:44:53","modified_gmt":"2023-10-31T02:44:53","slug":"kooperationspartner","status":"publish","type":"page","link":"https:\/\/interbestimmt.de\/index.php\/kooperationspartner\/","title":{"rendered":"Dienstleistungen und Kooperationspartner"},"content":{"rendered":"\n<p>In unserem Verein und der Interbestimmt uG bieten wir folgende Dienstleistungen f\u00fcr eine selbstbestimmte Teilhabe an:<\/p>\n\n\n\n<h4 class=\"wp-block-heading\"><strong><strong>Fahrdienst<\/strong><\/strong><\/h4>\n\n\n\n<p>Wir bieten einen inklusiven Fahrdienst f\u00fcr alle Gelegenheiten an!<\/p>\n\n\n\n<ul class=\"wp-block-list\">\n<li><em>Ansprechpartner<\/em>: Nazim Isik unter <a href=\"mailto:fahrdienst@interbestimmt.de\">fahrdienst@interbestimmt.de<\/a><\/li>\n<\/ul>\n\n\n\n<h4 class=\"wp-block-heading\"><strong><strong>Budgetassistenz<\/strong><\/strong><\/h4>\n\n\n\n<p>Suchen Sie eine kompetente Budgetassistenz zur Organisation ihres Pers\u00f6nlichen Budgets? Wir unterst\u00fctzen Sie bei der Budgetierung, Abrechnung und bei der Aus\u00fcbung der Arbeitgeberschaft. <em>Ansprechpartner:innen<\/em>: Emine Bektas-Bozan und Nazim Isik unter budgetassistenz@interbestimmt.de<\/p>\n\n\n\n<h4 class=\"wp-block-heading\"><strong><strong>Inklusives Caf\u00e9<\/strong><\/strong><\/h4>\n\n\n\n<p>Wir wollen einen barrierearmen und diskriminierungsfreien Raum f\u00fcr Kunst und Kultur in Berlin schaffen!<\/p>\n\n\n\n<p>Derzeit organisieren wir bereits inklusive Ausstellungen und Konzerte.<\/p>\n\n\n\n<ul class=\"wp-block-list\">\n<li><em>Ansprechpartner<\/em>:<em>innen:<\/em> Axel Tillmann und Selma Aman unter <a href=\"mailto:kunst_kultur@interbestimmt.de\">kunst_kultur@interbestimmt.de<\/a><\/li>\n<\/ul>\n\n\n\n<h4 class=\"wp-block-heading\"><strong><strong>Assistenzdienst<\/strong><\/strong><\/h4>\n\n\n\n<p>Wir vermitteln f\u00fcr Assistenzsuchende bedarfsgerechte Assistenz.<\/p>\n\n\n\n<ul class=\"wp-block-list\">\n<li><em>Ansprechpartnerin:<\/em> Emine Bektas-Bozan unter <a href=\"mailto:assistenzdienst@interbestimmt.de\">assistenzdienst@interbestimmt.de<\/a><\/li>\n<\/ul>\n\n\n\n<p>Wenn Sie Interesse haben in unserem Team als Assistenzkraft zu arbeiten, dann k\u00f6nnen Sie sich gerne unter der Seite Assistenzb\u00f6rse bewerben.<\/p>\n","protected":false},"excerpt":{"rendered":"<p>In unserem Verein und der Interbestimmt uG bieten wir folgende Dienstleistungen f\u00fcr eine selbstbestimmte Teilhabe an: Fahrdienst Wir bieten einen inklusiven Fahrdienst f\u00fcr alle Gelegenheiten an! Budgetassistenz Suchen Sie eine kompetente Budgetassistenz zur Organisation ihres Pers\u00f6nlichen Budgets? Wir unterst\u00fctzen Sie bei der Budgetierung, Abrechnung und bei der Aus\u00fcbung der Arbeitgeberschaft. Ansprechpartner:innen: Emine Bektas-Bozan und Nazim [&hellip;]<\/p>\n","protected":false},"author":1,"featured_media":0,"parent":0,"menu_order":0,"comment_status":"closed","ping_status":"closed","template":"","meta":{"footnotes":""},"class_list":["post-36","page","type-page","status-publish","hentry"],"_links":{"self":[{"href":"https:\/\/interbestimmt.de\/index.php\/wp-json\/wp\/v2\/pages\/36","targetHints":{"allow":["GET"]}}],"collection":[{"href":"https:\/\/interbestimmt.de\/index.php\/wp-json\/wp\/v2\/pages"}],"about":[{"href":"https:\/\/interbestimmt.de\/index.php\/wp-json\/wp\/v2\/types\/page"}],"author":[{"embeddable":true,"href":"https:\/\/interbestimmt.de\/index.php\/wp-json\/wp\/v2\/users\/1"}],"replies":[{"embeddable":true,"href":"https:\/\/interbestimmt.de\/index.php\/wp-json\/wp\/v2\/comments?post=36"}],"version-history":[{"count":2,"href":"https:\/\/interbestimmt.de\/index.php\/wp-json\/wp\/v2\/pages\/36\/revisions"}],"predecessor-version":[{"id":96,"href":"https:\/\/interbestimmt.de\/index.php\/wp-json\/wp\/v2\/pages\/36\/revisions\/96"}],"wp:attachment":[{"href":"https:\/\/interbestimmt.de\/index.php\/wp-json\/wp\/v2\/media?parent=36"}],"curies":[{"name":"wp","href":"https:\/\/api.w.org\/{rel}","templated":true}]}}